{"id":3882,"date":"2025-02-03T08:37:06","date_gmt":"2025-02-03T08:37:06","guid":{"rendered":"http:\/\/umob.app\/?page_id=3882"},"modified":"2025-10-29T08:42:34","modified_gmt":"2025-10-29T08:42:34","slug":"about-umob","status":"publish","type":"page","link":"https:\/\/umob.app\/es\/about-umob\/","title":{"rendered":"Acerca de umob"},"content":{"rendered":"<h2>\n<p>We are UMOB<\/p>\n<\/h2>\n<p>La app de movilidad todo en uno para comparar, reservar y pagar todas tus necesidades de transporte en un solo lugar. Explora todas las opciones con una \u00fanica soluci\u00f3n. Te estamos buscando.<\/p>\n<p>\t\t\t\t\t<a href=\"https:\/\/umob.app\/es\/career\/#vacancises\"><br \/>\n\t\t\t\t<svg xmlns=\"http:\/\/www.w3.org\/2000\/svg\" width=\"42\" height=\"42\" viewbox=\"0 0 42 42\" fill=\"none\"><rect width=\"42\" height=\"42\" rx=\"21\" fill=\"white\"><\/rect><path d=\"M29 14.3333C29 14.7333 28.8667 15 28.6 15.2667L15.2667 28.6C14.7333 29.1333 13.9333 29.1333 13.4 28.6C12.8667 28.0667 12.8667 27.2667 13.4 26.7333L26.7333 13.4C27.2667 12.8667 28.0667 12.8667 28.6 13.4C28.8667 13.6667 29 13.9333 29 14.3333Z\" fill=\"#222121\"><\/path><path d=\"M29.0026 14.3327V26.3327C29.0026 27.1327 28.4693 27.666 27.6693 27.666C26.8693 27.666 26.3359 27.1327 26.3359 26.3327V15.666H15.6693C14.8693 15.666 14.3359 15.1327 14.3359 14.3327C14.3359 13.5327 14.8693 12.9994 15.6693 12.9994H27.6693C28.4693 12.9994 29.0026 13.5327 29.0026 14.3327Z\" fill=\"#222121\"><\/path><\/svg><br \/>\n\t\t\t\t\t\t\t\t\tpagina de vacantes<br \/>\n\t\t\t\t\t<\/a><br \/>\n\t\t\t\t\t\t\t\t\t\t\t\t\t\t\t<img fetchpriority=\"high\" decoding=\"async\" width=\"2132\" height=\"1740\" src=\"https:\/\/umob.app\/wp-content\/uploads\/2025\/02\/Source_5.-Final-1.png\" alt=\"\" srcset=\"https:\/\/umob.app\/wp-content\/uploads\/2025\/02\/Source_5.-Final-1.png 2132w, https:\/\/umob.app\/wp-content\/uploads\/2025\/02\/Source_5.-Final-1-300x245.png 300w, https:\/\/umob.app\/wp-content\/uploads\/2025\/02\/Source_5.-Final-1-1024x836.png 1024w, https:\/\/umob.app\/wp-content\/uploads\/2025\/02\/Source_5.-Final-1-768x627.png 768w, https:\/\/umob.app\/wp-content\/uploads\/2025\/02\/Source_5.-Final-1-1536x1254.png 1536w, https:\/\/umob.app\/wp-content\/uploads\/2025\/02\/Source_5.-Final-1-2048x1671.png 2048w\" sizes=\"(max-width: 2132px) 100vw, 2132px\" \/>\t\t\t\t\t\t\t\t\t\t\t\t\t\t\t<\/p>\n<figure><img decoding=\"async\" src=\"https:\/\/umob.app\/wp-content\/uploads\/2025\/02\/01.jpg\" alt=\"01\" \/><\/figure>\n<figure><img decoding=\"async\" src=\"https:\/\/umob.app\/wp-content\/uploads\/2025\/02\/1.jpg\" alt=\"\" \/><\/figure>\n<figure><img decoding=\"async\" src=\"https:\/\/umob.app\/wp-content\/uploads\/2025\/02\/2.jpg\" alt=\"\" \/><\/figure>\n<figure><img decoding=\"async\" src=\"https:\/\/umob.app\/wp-content\/uploads\/2025\/02\/3.jpg\" alt=\"\" \/><\/figure>\n<h2>El comienzo con Bibi y Raymon<\/h2>\n<p>\t\tIn Rotterdam, umob is revolutionizing urban mobility. Founded by Raymon Pouwels, former CEO of GO Sharing, and Bibi Jorissen. umob connects all forms of transport into one simple app.<br \/>\nRaymon, with his experience in shared mobility, sees umob as the next step in making transportation as convenient as owning a car. &#8220;To compete with ownership, we need to take convenience to the next level,&#8221; he says. Bibi and Raymon\u2019s goal is clear: offer users a seamless, sustainable travel experience with one account and payment method. Through umob, they aim to unite cities, transport providers, and users in creating smarter, greener mobility solutions for all.<br \/>\n\t\t\t\t\t<a href=\"https:\/\/umob.app\/es\/press\/\"><br \/>\n\t\t\t\t<svg xmlns=\"http:\/\/www.w3.org\/2000\/svg\" width=\"42\" height=\"42\" viewbox=\"0 0 42 42\" fill=\"none\"><rect width=\"42\" height=\"42\" rx=\"21\" fill=\"white\"><\/rect><path d=\"M29 14.3333C29 14.7333 28.8667 15 28.6 15.2667L15.2667 28.6C14.7333 29.1333 13.9333 29.1333 13.4 28.6C12.8667 28.0667 12.8667 27.2667 13.4 26.7333L26.7333 13.4C27.2667 12.8667 28.0667 12.8667 28.6 13.4C28.8667 13.6667 29 13.9333 29 14.3333Z\" fill=\"#222121\"><\/path><path d=\"M29.0026 14.3327V26.3327C29.0026 27.1327 28.4693 27.666 27.6693 27.666C26.8693 27.666 26.3359 27.1327 26.3359 26.3327V15.666H15.6693C14.8693 15.666 14.3359 15.1327 14.3359 14.3327C14.3359 13.5327 14.8693 12.9994 15.6693 12.9994H27.6693C28.4693 12.9994 29.0026 13.5327 29.0026 14.3327Z\" fill=\"#222121\"><\/path><\/svg><br \/>\n\t\t\t\t\t\t\t\t\tp\u00e1gina de prensa<br \/>\n\t\t\t\t\t<\/a><\/p>\n<h2>\n<p>Mission &amp; vision<\/p>\n<\/h2>\n<p>\t\tRevolucionar la movilidad corporativa proporcionando soluciones de transporte sostenibles, eficientes y flexibles que mejoren la productividad, reduzcan los costos y mejoren la experiencia general de viaje de los empleados.\t\t<\/p>\n<h2>Soluciones Sostenibles<\/h2>\n<p>Provide sustainable, efficient, and flexible corporate mobility solutions.Enhance productivity by streamlining employee commuting.<\/p>\n<h2>Impulsar la productividad<\/h2>\n<p>Provide sustainable, efficient, and flexible corporate mobility solutions.Enhance productivity by streamlining employee commuting.<\/p>\n<h2>Liderazgo de la industria<\/h2>\n<p>\t\tProvide sustainable, efficient, and flexible corporate mobility solutions.Enhance productivity by streamlining employee commuting.\t\t<\/p>\n<h2>\n<p>Brand values<\/p>\n<\/h2>\n<figure><img decoding=\"async\" width=\"212\" height=\"212\" src=\"https:\/\/umob.app\/wp-content\/uploads\/2025\/02\/Frame-2147225753.png\" alt=\"\" \/><\/figure>\n<h3>Fiabilidad<\/h3>\n<p>Garantizamos que nuestros servicios sean confiables, ayudando a que las empresas funcionen sin problemas y a los empleados viajen con facilidad todos los d\u00edas.<\/p>\n<figure><img decoding=\"async\" width=\"212\" height=\"212\" src=\"https:\/\/umob.app\/wp-content\/uploads\/2025\/02\/Frame-2147225753-1.png\" alt=\"\" \/><\/figure>\n<h3>Transparencia<\/h3>\n<p>Defendemos la honestidad y la apertura en todas nuestras interacciones, proporcionando una comunicaci\u00f3n clara y garantizando que los clientes comprendan cada paso del proceso.<\/p>\n<figure><img loading=\"lazy\" decoding=\"async\" width=\"212\" height=\"212\" src=\"https:\/\/umob.app\/wp-content\/uploads\/2025\/02\/Frame-2147225753-2.png\" alt=\"\" \/><\/figure>\n<h3>Integridad<\/h3>\n<p>We operate with strong ethical principles, ensuring we deliver high-quality services that align with our clients&#8217; values.<\/p>\n<figure><img loading=\"lazy\" decoding=\"async\" width=\"212\" height=\"212\" src=\"https:\/\/umob.app\/wp-content\/uploads\/2025\/02\/Frame-2147225753-3.png\" alt=\"\" \/><\/figure>\n<h3>Colaboraci\u00f3n<\/h3>\n<p>Creemos en construir asociaciones s\u00f3lidas con nuestros clientes, trabajando juntos para crear soluciones personalizadas que satisfagan necesidades espec\u00edficas.<\/p>\n<h2>\n<p>Core&nbsp;values<\/p>\n<\/h2>\n<figure><img loading=\"lazy\" decoding=\"async\" width=\"213\" height=\"212\" src=\"https:\/\/umob.app\/wp-content\/uploads\/2025\/02\/Frame-2147225753-4.png\" alt=\"\" \/><\/figure>\n<h3>Informe de<\/h3>\n<p>Estamos comprometidos a proporcionar soluciones de transporte ecol\u00f3gicas que reduzcan la huella de carbono y promuevan un futuro m\u00e1s verde.<\/p>\n<figure><img loading=\"lazy\" decoding=\"async\" width=\"213\" height=\"212\" src=\"https:\/\/umob.app\/wp-content\/uploads\/2025\/02\/Frame-2147225753-5.png\" alt=\"\" \/><\/figure>\n<h3>Innovaci\u00f3n<\/h3>\n<p>Nos esforzamos constantemente por mejorar e innovar, ofreciendo soluciones de movilidad de vanguardia que satisfagan las necesidades cambiantes de las empresas y los empleados.<\/p>\n<figure><img loading=\"lazy\" decoding=\"async\" width=\"213\" height=\"212\" src=\"https:\/\/umob.app\/wp-content\/uploads\/2025\/02\/Frame-2147225753-6.png\" alt=\"\" \/><\/figure>\n<h3>Flexibilidad<\/h3>\n<p>Ofrecemos opciones de transporte adaptables y personalizadas que satisfacen las necesidades \u00fanicas de cada empresa y su fuerza laboral.<\/p>\n<figure><img loading=\"lazy\" decoding=\"async\" width=\"213\" height=\"212\" src=\"https:\/\/umob.app\/wp-content\/uploads\/2025\/02\/Frame-2147225753-7.png\" alt=\"\" \/><\/figure>\n<h3>Centrado en el cliente<\/h3>\n<p>Priorizamos la satisfacci\u00f3n y el \u00e9xito de nuestros clientes, ofreciendo soluciones de movilidad confiables y fluidas adaptadas a sus necesidades espec\u00edficas.<\/p>\n<h2>Descubre nuestro incre\u00edble <\/h2>\n<h2>\n<p>Amazing&nbsp;Workspace<\/p>\n<\/h2>\n<p>\t\t\t\t\t\t\t\t\t\t\t\t\t\t\t<img loading=\"lazy\" decoding=\"async\" width=\"2112\" height=\"2348\" src=\"https:\/\/umob.app\/wp-content\/uploads\/2025\/02\/Source_6.-Final-1-1-1.png\" alt=\"\" srcset=\"https:\/\/umob.app\/wp-content\/uploads\/2025\/02\/Source_6.-Final-1-1-1.png 2112w, https:\/\/umob.app\/wp-content\/uploads\/2025\/02\/Source_6.-Final-1-1-1-270x300.png 270w, https:\/\/umob.app\/wp-content\/uploads\/2025\/02\/Source_6.-Final-1-1-1-921x1024.png 921w, https:\/\/umob.app\/wp-content\/uploads\/2025\/02\/Source_6.-Final-1-1-1-768x854.png 768w, https:\/\/umob.app\/wp-content\/uploads\/2025\/02\/Source_6.-Final-1-1-1-1382x1536.png 1382w, https:\/\/umob.app\/wp-content\/uploads\/2025\/02\/Source_6.-Final-1-1-1-1842x2048.png 1842w\" sizes=\"(max-width: 2112px) 100vw, 2112px\" \/>\t\t\t\t\t\t\t\t\t\t\t\t\t\t\t<\/p>\n<ul>\n<li>\n\t\t\t\t\t\t\t<svg aria-hidden=\"true\" viewbox=\"0 0 512 512\" xmlns=\"http:\/\/www.w3.org\/2000\/svg\"><path d=\"M256 8C119 8 8 119 8 256s111 248 248 248 248-111 248-248S393 8 256 8z\"><\/path><\/svg><br \/>\n\t\t\t\t\t\t\t\t\t\t\u00a1En pleno coraz\u00f3n de Rotterdam!\n\t\t\t\t\t\t\t\t\t<\/li>\n<\/ul>\n<p>Un lugar vibrante donde sentir\u00e1s la energ\u00eda de la ciudad inmediatamente: todo lo que necesitas a tu alcance.<\/p>\n<ul>\n<li>\n\t\t\t\t\t\t\t<svg aria-hidden=\"true\" viewbox=\"0 0 512 512\" xmlns=\"http:\/\/www.w3.org\/2000\/svg\"><path d=\"M256 8C119 8 8 119 8 256s111 248 248 248 248-111 248-248S393 8 256 8z\"><\/path><\/svg><br \/>\n\t\t\t\t\t\t\t\t\t\tStarbucks a la vuelta de la esquina.\n\t\t\t\t\t\t\t\t\t<\/li>\n<\/ul>\n<p>Para esa dosis esencial de caf\u00e9 (y galletas) que siempre estar\u00e1s listo para brillar en el trabajo.<\/p>\n<ul>\n<li>\n\t\t\t\t\t\t\t<svg aria-hidden=\"true\" viewbox=\"0 0 512 512\" xmlns=\"http:\/\/www.w3.org\/2000\/svg\"><path d=\"M256 8C119 8 8 119 8 256s111 248 248 248 248-111 248-248S393 8 256 8z\"><\/path><\/svg><br \/>\n\t\t\t\t\t\t\t\t\t\tUn edificio moderno y elegante.\n\t\t\t\t\t\t\t\t\t<\/li>\n<\/ul>\n<p>Piense en espacios de trabajo elegantes, mucha luz y un ambiente inspirador que rezuma innovaci\u00f3n.<\/p>\n<ul>\n<li>\n\t\t\t\t\t\t\t<svg aria-hidden=\"true\" viewbox=\"0 0 512 512\" xmlns=\"http:\/\/www.w3.org\/2000\/svg\"><path d=\"M256 8C119 8 8 119 8 256s111 248 248 248 248-111 248-248S393 8 256 8z\"><\/path><\/svg><br \/>\n\t\t\t\t\t\t\t\t\t\tS\u00faper f\u00e1cil acceso con transporte p\u00fablico.\n\t\t\t\t\t\t\t\t\t<\/li>\n<\/ul>\n<p>Ya sea que vengas en tren, metro, tranv\u00eda o autob\u00fas, llegar\u00e1s enseguida. \u00a1Menos estr\u00e9s, m\u00e1s tiempo para lo importante!<\/p>\n<ul>\n<li>\n\t\t\t\t\t\t\t<svg aria-hidden=\"true\" viewbox=\"0 0 512 512\" xmlns=\"http:\/\/www.w3.org\/2000\/svg\"><path d=\"M256 8C119 8 8 119 8 256s111 248 248 248 248-111 248-248S393 8 256 8z\"><\/path><\/svg><br \/>\n\t\t\t\t\t\t\t\t\t\tUna mezcla perfecta de trabajo y relax.\n\t\t\t\t\t\t\t\t\t<\/li>\n<\/ul>\n<p>Con buenos espacios de trabajo, suficientes lugares para sesiones de lluvia de ideas y tambi\u00e9n espacio para relajarse.<\/p>\n<p>\t\t\t\t\t<a href=\"https:\/\/umob.app\/es\/career\/#vacancises\"><br \/>\n\t\t\t\t<svg xmlns=\"http:\/\/www.w3.org\/2000\/svg\" width=\"42\" height=\"42\" viewbox=\"0 0 42 42\" fill=\"none\"><rect width=\"42\" height=\"42\" rx=\"21\" fill=\"white\"><\/rect><path d=\"M29 14.3333C29 14.7333 28.8667 15 28.6 15.2667L15.2667 28.6C14.7333 29.1333 13.9333 29.1333 13.4 28.6C12.8667 28.0667 12.8667 27.2667 13.4 26.7333L26.7333 13.4C27.2667 12.8667 28.0667 12.8667 28.6 13.4C28.8667 13.6667 29 13.9333 29 14.3333Z\" fill=\"#222121\"><\/path><path d=\"M29.0026 14.3327V26.3327C29.0026 27.1327 28.4693 27.666 27.6693 27.666C26.8693 27.666 26.3359 27.1327 26.3359 26.3327V15.666H15.6693C14.8693 15.666 14.3359 15.1327 14.3359 14.3327C14.3359 13.5327 14.8693 12.9994 15.6693 12.9994H27.6693C28.4693 12.9994 29.0026 13.5327 29.0026 14.3327Z\" fill=\"#222121\"><\/path><\/svg><br \/>\n\t\t\t\t\t\t\t\t\tExplorar vacantes<br \/>\n\t\t\t\t\t<\/a><\/p>","protected":false},"excerpt":{"rendered":"<p>We are UMOB The all-in-one mobility app to compare, book, and pay for all your transportation needs in one place. Explore every option with a single solution. We are looking for you. vacancy page The Start With Bibi and Raymon In Rotterdam, umob is revolutionizing urban mobility. Founded by Raymon Pouwels, former CEO of GO [&hellip;]<\/p>\n","protected":false},"author":1,"featured_media":0,"parent":0,"menu_order":0,"comment_status":"closed","ping_status":"closed","template":"elementor_header_footer","meta":{"_acf_changed":false,"_monsterinsights_skip_tracking":false,"_monsterinsights_sitenote_active":false,"_monsterinsights_sitenote_note":"","_monsterinsights_sitenote_category":0,"footnotes":""},"class_list":["post-3882","page","type-page","status-publish","hentry"],"acf":[],"yoast_head":"<!-- This site is optimized with the Yoast SEO plugin v27.5 - https:\/\/yoast.com\/product\/yoast-seo-wordpress\/ -->\n<title>About umob - umob<\/title>\n<meta name=\"robots\" content=\"index, follow, max-snippet:-1, max-image-preview:large, max-video-preview:-1\" \/>\n<link rel=\"canonical\" href=\"https:\/\/umob.app\/es\/about-umob\/\" \/>\n<meta property=\"og:locale\" content=\"es_ES\" \/>\n<meta property=\"og:type\" content=\"article\" \/>\n<meta property=\"og:title\" content=\"About umob - umob\" \/>\n<meta property=\"og:description\" content=\"We are UMOB The all-in-one mobility app to compare, book, and pay for all your transportation needs in one place. Explore every option with a single solution. We are looking for you. vacancy page The Start With Bibi and Raymon In Rotterdam, umob is revolutionizing urban mobility. Founded by Raymon Pouwels, former CEO of GO [&hellip;]\" \/>\n<meta property=\"og:url\" content=\"https:\/\/umob.app\/es\/about-umob\/\" \/>\n<meta property=\"og:site_name\" content=\"umob\" \/>\n<meta property=\"article:modified_time\" content=\"2025-10-29T08:42:34+00:00\" \/>\n<meta property=\"og:image\" content=\"https:\/\/umob.app\/wp-content\/uploads\/2025\/02\/Source_5.-Final-1.png\" \/>\n<meta name=\"twitter:card\" content=\"summary_large_image\" \/>\n<meta name=\"twitter:label1\" content=\"Tiempo de lectura\" \/>\n\t<meta name=\"twitter:data1\" content=\"5 minutos\" \/>\n<script type=\"application\/ld+json\" class=\"yoast-schema-graph\">{\"@context\":\"https:\\\/\\\/schema.org\",\"@graph\":[{\"@type\":\"WebPage\",\"@id\":\"https:\\\/\\\/umob.app\\\/about-umob\\\/\",\"url\":\"https:\\\/\\\/umob.app\\\/about-umob\\\/\",\"name\":\"About umob - umob\",\"isPartOf\":{\"@id\":\"https:\\\/\\\/umob.app\\\/#website\"},\"primaryImageOfPage\":{\"@id\":\"https:\\\/\\\/umob.app\\\/about-umob\\\/#primaryimage\"},\"image\":{\"@id\":\"https:\\\/\\\/umob.app\\\/about-umob\\\/#primaryimage\"},\"thumbnailUrl\":\"https:\\\/\\\/umob.app\\\/wp-content\\\/uploads\\\/2025\\\/02\\\/Source_5.-Final-1.png\",\"datePublished\":\"2025-02-03T08:37:06+00:00\",\"dateModified\":\"2025-10-29T08:42:34+00:00\",\"breadcrumb\":{\"@id\":\"https:\\\/\\\/umob.app\\\/about-umob\\\/#breadcrumb\"},\"inLanguage\":\"es\",\"potentialAction\":[{\"@type\":\"ReadAction\",\"target\":[\"https:\\\/\\\/umob.app\\\/about-umob\\\/\"]}]},{\"@type\":\"ImageObject\",\"inLanguage\":\"es\",\"@id\":\"https:\\\/\\\/umob.app\\\/about-umob\\\/#primaryimage\",\"url\":\"https:\\\/\\\/umob.app\\\/wp-content\\\/uploads\\\/2025\\\/02\\\/Source_5.-Final-1.png\",\"contentUrl\":\"https:\\\/\\\/umob.app\\\/wp-content\\\/uploads\\\/2025\\\/02\\\/Source_5.-Final-1.png\"},{\"@type\":\"BreadcrumbList\",\"@id\":\"https:\\\/\\\/umob.app\\\/about-umob\\\/#breadcrumb\",\"itemListElement\":[{\"@type\":\"ListItem\",\"position\":1,\"name\":\"Home\",\"item\":\"https:\\\/\\\/umob.app\\\/\"},{\"@type\":\"ListItem\",\"position\":2,\"name\":\"About umob\"}]},{\"@type\":\"WebSite\",\"@id\":\"https:\\\/\\\/umob.app\\\/#website\",\"url\":\"https:\\\/\\\/umob.app\\\/\",\"name\":\"umob\",\"description\":\"traveling around the city\",\"publisher\":{\"@id\":\"https:\\\/\\\/umob.app\\\/#organization\"},\"potentialAction\":[{\"@type\":\"SearchAction\",\"target\":{\"@type\":\"EntryPoint\",\"urlTemplate\":\"https:\\\/\\\/umob.app\\\/?s={search_term_string}\"},\"query-input\":{\"@type\":\"PropertyValueSpecification\",\"valueRequired\":true,\"valueName\":\"search_term_string\"}}],\"inLanguage\":\"es\"},{\"@type\":\"Organization\",\"@id\":\"https:\\\/\\\/umob.app\\\/#organization\",\"name\":\"umob\",\"url\":\"https:\\\/\\\/umob.app\\\/\",\"logo\":{\"@type\":\"ImageObject\",\"inLanguage\":\"es\",\"@id\":\"https:\\\/\\\/umob.app\\\/#\\\/schema\\\/logo\\\/image\\\/\",\"url\":\"https:\\\/\\\/umob.app\\\/wp-content\\\/uploads\\\/2024\\\/10\\\/Umob_logomark_color_RGB-kopie-3-1.svg\",\"contentUrl\":\"https:\\\/\\\/umob.app\\\/wp-content\\\/uploads\\\/2024\\\/10\\\/Umob_logomark_color_RGB-kopie-3-1.svg\",\"width\":141,\"height\":34,\"caption\":\"umob\"},\"image\":{\"@id\":\"https:\\\/\\\/umob.app\\\/#\\\/schema\\\/logo\\\/image\\\/\"}}]}<\/script>\n<!-- \/ Yoast SEO plugin. -->","yoast_head_json":{"title":"About umob - umob","robots":{"index":"index","follow":"follow","max-snippet":"max-snippet:-1","max-image-preview":"max-image-preview:large","max-video-preview":"max-video-preview:-1"},"canonical":"https:\/\/umob.app\/es\/about-umob\/","og_locale":"es_ES","og_type":"article","og_title":"About umob - umob","og_description":"We are UMOB The all-in-one mobility app to compare, book, and pay for all your transportation needs in one place. Explore every option with a single solution. We are looking for you. vacancy page The Start With Bibi and Raymon In Rotterdam, umob is revolutionizing urban mobility. Founded by Raymon Pouwels, former CEO of GO [&hellip;]","og_url":"https:\/\/umob.app\/es\/about-umob\/","og_site_name":"umob","article_modified_time":"2025-10-29T08:42:34+00:00","og_image":[{"url":"https:\/\/umob.app\/wp-content\/uploads\/2025\/02\/Source_5.-Final-1.png","type":"","width":"","height":""}],"twitter_card":"summary_large_image","twitter_misc":{"Tiempo de lectura":"5 minutos"},"schema":{"@context":"https:\/\/schema.org","@graph":[{"@type":"WebPage","@id":"https:\/\/umob.app\/about-umob\/","url":"https:\/\/umob.app\/about-umob\/","name":"About umob - umob","isPartOf":{"@id":"https:\/\/umob.app\/#website"},"primaryImageOfPage":{"@id":"https:\/\/umob.app\/about-umob\/#primaryimage"},"image":{"@id":"https:\/\/umob.app\/about-umob\/#primaryimage"},"thumbnailUrl":"https:\/\/umob.app\/wp-content\/uploads\/2025\/02\/Source_5.-Final-1.png","datePublished":"2025-02-03T08:37:06+00:00","dateModified":"2025-10-29T08:42:34+00:00","breadcrumb":{"@id":"https:\/\/umob.app\/about-umob\/#breadcrumb"},"inLanguage":"es","potentialAction":[{"@type":"ReadAction","target":["https:\/\/umob.app\/about-umob\/"]}]},{"@type":"ImageObject","inLanguage":"es","@id":"https:\/\/umob.app\/about-umob\/#primaryimage","url":"https:\/\/umob.app\/wp-content\/uploads\/2025\/02\/Source_5.-Final-1.png","contentUrl":"https:\/\/umob.app\/wp-content\/uploads\/2025\/02\/Source_5.-Final-1.png"},{"@type":"BreadcrumbList","@id":"https:\/\/umob.app\/about-umob\/#breadcrumb","itemListElement":[{"@type":"ListItem","position":1,"name":"Home","item":"https:\/\/umob.app\/"},{"@type":"ListItem","position":2,"name":"About umob"}]},{"@type":"WebSite","@id":"https:\/\/umob.app\/#website","url":"https:\/\/umob.app\/","name":"umob","description":"traveling around the city","publisher":{"@id":"https:\/\/umob.app\/#organization"},"potentialAction":[{"@type":"SearchAction","target":{"@type":"EntryPoint","urlTemplate":"https:\/\/umob.app\/?s={search_term_string}"},"query-input":{"@type":"PropertyValueSpecification","valueRequired":true,"valueName":"search_term_string"}}],"inLanguage":"es"},{"@type":"Organization","@id":"https:\/\/umob.app\/#organization","name":"umob","url":"https:\/\/umob.app\/","logo":{"@type":"ImageObject","inLanguage":"es","@id":"https:\/\/umob.app\/#\/schema\/logo\/image\/","url":"https:\/\/umob.app\/wp-content\/uploads\/2024\/10\/Umob_logomark_color_RGB-kopie-3-1.svg","contentUrl":"https:\/\/umob.app\/wp-content\/uploads\/2024\/10\/Umob_logomark_color_RGB-kopie-3-1.svg","width":141,"height":34,"caption":"umob"},"image":{"@id":"https:\/\/umob.app\/#\/schema\/logo\/image\/"}}]}},"_links":{"self":[{"href":"https:\/\/umob.app\/es\/wp-json\/wp\/v2\/pages\/3882","targetHints":{"allow":["GET"]}}],"collection":[{"href":"https:\/\/umob.app\/es\/wp-json\/wp\/v2\/pages"}],"about":[{"href":"https:\/\/umob.app\/es\/wp-json\/wp\/v2\/types\/page"}],"author":[{"embeddable":true,"href":"https:\/\/umob.app\/es\/wp-json\/wp\/v2\/users\/1"}],"replies":[{"embeddable":true,"href":"https:\/\/umob.app\/es\/wp-json\/wp\/v2\/comments?post=3882"}],"version-history":[{"count":8,"href":"https:\/\/umob.app\/es\/wp-json\/wp\/v2\/pages\/3882\/revisions"}],"predecessor-version":[{"id":8917,"href":"https:\/\/umob.app\/es\/wp-json\/wp\/v2\/pages\/3882\/revisions\/8917"}],"wp:attachment":[{"href":"https:\/\/umob.app\/es\/wp-json\/wp\/v2\/media?parent=3882"}],"curies":[{"name":"wp","href":"https:\/\/api.w.org\/{rel}","templated":true}]}}