{"id":6756,"date":"2025-02-19T03:50:03","date_gmt":"2025-02-19T03:50:03","guid":{"rendered":"http:\/\/umob.app\/?page_id=6756"},"modified":"2025-04-01T10:00:51","modified_gmt":"2025-04-01T10:00:51","slug":"busines","status":"publish","type":"page","link":"https:\/\/umob.app\/es\/busines\/","title":{"rendered":"Negocio"},"content":{"rendered":"<div data-elementor-type=\"wp-page\" data-elementor-id=\"6756\" class=\"elementor elementor-6756\" data-elementor-post-type=\"page\">\n\t\t\t\t<div class=\"elementor-element elementor-element-ad589f8 e-flex e-con-boxed e-con e-parent\" data-id=\"ad589f8\" data-element_type=\"container\" data-e-type=\"container\" data-settings=\"{&quot;background_background&quot;:&quot;classic&quot;}\">\n\t\t\t\t\t<div class=\"e-con-inner\">\n\t\t<div class=\"elementor-element elementor-element-90c9dd5 e-con-full e-flex e-con e-child\" data-id=\"90c9dd5\" data-element_type=\"container\" data-e-type=\"container\">\n\t\t\t\t<div class=\"elementor-element elementor-element-9b5b594 elementor-widget elementor-widget-heading\" data-id=\"9b5b594\" data-element_type=\"widget\" data-e-type=\"widget\" data-widget_type=\"heading.default\">\n\t\t\t\t<div class=\"elementor-widget-container\">\n\t\t\t\t\t<h2 class=\"elementor-heading-title elementor-size-default\"><p>VAMOS A CONSEGUIR \nEN <span style=\"background-color: #DAFC5A\">EL NEGOCIO<\/span> <\/p>\n<\/h2>\t\t\t\t<\/div>\n\t\t\t\t<\/div>\n\t\t\t\t<div class=\"elementor-element elementor-element-2c1a964 elementor-widget__width-initial elementor-widget elementor-widget-text-editor\" data-id=\"2c1a964\" data-element_type=\"widget\" data-e-type=\"widget\" data-widget_type=\"text-editor.default\">\n\t\t\t\t<div class=\"elementor-widget-container\">\n\t\t\t\t\t\t\t\t\t<p>\u00bfListo para colaborar con umob e impulsar el futuro de la movilidad? Tanto si eres una marca, un municipio o un gur\u00fa social, estamos encantados de explorar oportunidades de colaboraci\u00f3n que promuevan soluciones de transporte m\u00e1s inteligentes y ecol\u00f3gicas.<\/p>\t\t\t\t\t\t\t\t<\/div>\n\t\t\t\t<\/div>\n\t\t\t\t<div class=\"elementor-element elementor-element-c9ecbef elementor-mobile-align-center elementor-widget elementor-widget-button\" data-id=\"c9ecbef\" data-element_type=\"widget\" data-e-type=\"widget\" data-widget_type=\"button.default\">\n\t\t\t\t<div class=\"elementor-widget-container\">\n\t\t\t\t\t\t\t\t\t<div class=\"elementor-button-wrapper\">\n\t\t\t\t\t<a class=\"elementor-button elementor-button-link elementor-size-sm\" href=\"mailto:partners@umob.app\">\n\t\t\t\t\t\t<span class=\"elementor-button-content-wrapper\">\n\t\t\t\t\t\t<span class=\"elementor-button-icon\">\n\t\t\t\t<svg xmlns=\"http:\/\/www.w3.org\/2000\/svg\" width=\"32\" height=\"32\" viewbox=\"0 0 32 32\" fill=\"none\"><g id=\"Frame\"><g id=\"Group\"><g id=\"Group_2\"><path id=\"Vector\" d=\"M24 9.33333C24 9.73333 23.8667 10 23.6 10.2667L10.2667 23.6C9.73333 24.1333 8.93333 24.1333 8.4 23.6C7.86667 23.0667 7.86667 22.2667 8.4 21.7333L21.7333 8.4C22.2667 7.86666 23.0667 7.86666 23.6 8.4C23.8667 8.66667 24 8.93333 24 9.33333Z\" fill=\"black\"><\/path><path id=\"Vector_2\" d=\"M24.0026 9.33366V21.3337C24.0026 22.1337 23.4693 22.667 22.6693 22.667C21.8693 22.667 21.3359 22.1337 21.3359 21.3337V10.667H10.6693C9.86927 10.667 9.33594 10.1337 9.33594 9.33366C9.33594 8.53366 9.86927 8.00033 10.6693 8.00033H22.6693C23.4693 8.00033 24.0026 8.53366 24.0026 9.33366Z\" fill=\"black\"><\/path><\/g><\/g><\/g><\/svg>\t\t\t<\/span>\n\t\t\t\t\t\t\t\t\t<span class=\"elementor-button-text\">P\u00f3ngase en contacto<\/span>\n\t\t\t\t\t<\/span>\n\t\t\t\t\t<\/a>\n\t\t\t\t<\/div>\n\t\t\t\t\t\t\t\t<\/div>\n\t\t\t\t<\/div>\n\t\t\t\t<\/div>\n\t\t<div class=\"elementor-element elementor-element-a321ae8 e-con-full e-flex e-con e-child\" data-id=\"a321ae8\" data-element_type=\"container\" data-e-type=\"container\">\n\t\t\t\t<div class=\"elementor-element elementor-element-99f9c1e elementor-widget elementor-widget-image\" data-id=\"99f9c1e\" data-element_type=\"widget\" data-e-type=\"widget\" data-widget_type=\"image.default\">\n\t\t\t\t<div class=\"elementor-widget-container\">\n\t\t\t\t\t\t\t\t\t\t\t\t\t\t\t<img fetchpriority=\"high\" decoding=\"async\" width=\"800\" height=\"800\" src=\"https:\/\/umob.app\/wp-content\/uploads\/2024\/11\/image-74-1-1024x1024.png\" class=\"attachment-large size-large wp-image-1299\" alt=\"\" srcset=\"https:\/\/umob.app\/wp-content\/uploads\/2024\/11\/image-74-1-1024x1024.png 1024w, https:\/\/umob.app\/wp-content\/uploads\/2024\/11\/image-74-1-300x300.png 300w, https:\/\/umob.app\/wp-content\/uploads\/2024\/11\/image-74-1-150x150.png 150w, https:\/\/umob.app\/wp-content\/uploads\/2024\/11\/image-74-1-768x768.png 768w, https:\/\/umob.app\/wp-content\/uploads\/2024\/11\/image-74-1-1536x1536.png 1536w, https:\/\/umob.app\/wp-content\/uploads\/2024\/11\/image-74-1.png 1982w\" sizes=\"(max-width: 800px) 100vw, 800px\" \/>\t\t\t\t\t\t\t\t\t\t\t\t\t\t\t<\/div>\n\t\t\t\t<\/div>\n\t\t\t\t<\/div>\n\t\t\t\t\t<\/div>\n\t\t\t\t<\/div>\n\t\t<div class=\"elementor-element elementor-element-07d0d5d e-flex e-con-boxed e-con e-parent\" data-id=\"07d0d5d\" data-element_type=\"container\" data-e-type=\"container\">\n\t\t\t\t\t<div class=\"e-con-inner\">\n\t\t\t\t<div class=\"elementor-element elementor-element-73b22dc elementor-widget elementor-widget-heading\" data-id=\"73b22dc\" data-element_type=\"widget\" data-e-type=\"widget\" data-widget_type=\"heading.default\">\n\t\t\t\t<div class=\"elementor-widget-container\">\n\t\t\t\t\t<h2 class=\"elementor-heading-title elementor-size-default\"><p>Traslade su <span style=\"background-color: #DAFC5A\">Negocio<\/span> <\/p>\nde forma r\u00e1pida y c\u00f3moda\n<\/h2>\t\t\t\t<\/div>\n\t\t\t\t<\/div>\n\t\t\t\t\t<\/div>\n\t\t\t\t<\/div>\n\t\t<div class=\"elementor-element elementor-element-44f687b e-flex e-con-boxed e-con e-parent\" data-id=\"44f687b\" data-element_type=\"container\" data-e-type=\"container\">\n\t\t\t\t\t<div class=\"e-con-inner\">\n\t\t<div class=\"elementor-element elementor-element-a3d2721 e-con-full e-flex e-con e-child\" data-id=\"a3d2721\" data-element_type=\"container\" data-e-type=\"container\">\n\t\t<div class=\"elementor-element elementor-element-af53ca9 e-con-full e-flex e-con e-child\" data-id=\"af53ca9\" data-element_type=\"container\" data-e-type=\"container\" data-settings=\"{&quot;background_background&quot;:&quot;classic&quot;}\">\n\t\t\t\t<div class=\"elementor-element elementor-element-5eb6f8a elementor-widget elementor-widget-image\" data-id=\"5eb6f8a\" data-element_type=\"widget\" data-e-type=\"widget\" data-widget_type=\"image.default\">\n\t\t\t\t<div class=\"elementor-widget-container\">\n\t\t\t\t\t\t\t\t\t\t\t\t\t\t\t<img decoding=\"async\" width=\"83\" height=\"83\" src=\"https:\/\/umob.app\/wp-content\/uploads\/2024\/10\/Frame-2147225753.png\" class=\"attachment-full size-full wp-image-537\" alt=\"\" \/>\t\t\t\t\t\t\t\t\t\t\t\t\t\t\t<\/div>\n\t\t\t\t<\/div>\n\t\t\t\t<div class=\"elementor-element elementor-element-43f72b6 elementor-widget elementor-widget-heading\" data-id=\"43f72b6\" data-element_type=\"widget\" data-e-type=\"widget\" data-widget_type=\"heading.default\">\n\t\t\t\t<div class=\"elementor-widget-container\">\n\t\t\t\t\t<h2 class=\"elementor-heading-title elementor-size-default\">Socios de movilidad<\/h2>\t\t\t\t<\/div>\n\t\t\t\t<\/div>\n\t\t\t\t<div class=\"elementor-element elementor-element-e61ac3f elementor-widget__width-initial elementor-widget elementor-widget-text-editor\" data-id=\"e61ac3f\" data-element_type=\"widget\" data-e-type=\"widget\" data-widget_type=\"text-editor.default\">\n\t\t\t\t<div class=\"elementor-widget-container\">\n\t\t\t\t\t\t\t\t\t<p>Siempre estamos buscando socios innovadores para ampliar nuestros servicios y ofrecer a nuestros usuarios soluciones de transporte sostenibles e inteligentes<\/p>\t\t\t\t\t\t\t\t<\/div>\n\t\t\t\t<\/div>\n\t\t\t\t<\/div>\n\t\t<div class=\"elementor-element elementor-element-94efca6 e-con-full e-flex e-con e-child\" data-id=\"94efca6\" data-element_type=\"container\" data-e-type=\"container\" data-settings=\"{&quot;background_background&quot;:&quot;classic&quot;}\">\n\t\t\t\t<div class=\"elementor-element elementor-element-8fe5d5f elementor-widget elementor-widget-image\" data-id=\"8fe5d5f\" data-element_type=\"widget\" data-e-type=\"widget\" data-widget_type=\"image.default\">\n\t\t\t\t<div class=\"elementor-widget-container\">\n\t\t\t\t\t\t\t\t\t\t\t\t\t\t\t<img decoding=\"async\" width=\"83\" height=\"83\" src=\"https:\/\/umob.app\/wp-content\/uploads\/2024\/10\/Frame-2147225753-2.png\" class=\"attachment-full size-full wp-image-535\" alt=\"\" \/>\t\t\t\t\t\t\t\t\t\t\t\t\t\t\t<\/div>\n\t\t\t\t<\/div>\n\t\t\t\t<div class=\"elementor-element elementor-element-0614323 elementor-widget elementor-widget-heading\" data-id=\"0614323\" data-element_type=\"widget\" data-e-type=\"widget\" data-widget_type=\"heading.default\">\n\t\t\t\t<div class=\"elementor-widget-container\">\n\t\t\t\t\t<h2 class=\"elementor-heading-title elementor-size-default\">Municipios<\/h2>\t\t\t\t<\/div>\n\t\t\t\t<\/div>\n\t\t\t\t<div class=\"elementor-element elementor-element-0c0e239 elementor-widget__width-initial elementor-widget elementor-widget-text-editor\" data-id=\"0c0e239\" data-element_type=\"widget\" data-e-type=\"widget\" data-widget_type=\"text-editor.default\">\n\t\t\t\t<div class=\"elementor-widget-container\">\n\t\t\t\t\t\t\t\t\t<p>Estamos deseando asociarnos con ciudades que dan prioridad a soluciones de movilidad sostenibles e inteligentes para sus habitantes. Le interesa presentar los servicios de su ciudad en la aplicaci\u00f3n umob?<\/p>\t\t\t\t\t\t\t\t<\/div>\n\t\t\t\t<\/div>\n\t\t\t\t<\/div>\n\t\t\t\t<\/div>\n\t\t<div class=\"elementor-element elementor-element-75c999e e-con-full e-flex e-con e-child\" data-id=\"75c999e\" data-element_type=\"container\" data-e-type=\"container\">\n\t\t<div class=\"elementor-element elementor-element-aa630da e-con-full e-flex e-con e-child\" data-id=\"aa630da\" data-element_type=\"container\" data-e-type=\"container\" data-settings=\"{&quot;background_background&quot;:&quot;classic&quot;}\">\n\t\t\t\t<div class=\"elementor-element elementor-element-9c43c88 elementor-widget elementor-widget-image\" data-id=\"9c43c88\" data-element_type=\"widget\" data-e-type=\"widget\" data-widget_type=\"image.default\">\n\t\t\t\t<div class=\"elementor-widget-container\">\n\t\t\t\t\t\t\t\t\t\t\t\t\t\t\t<img decoding=\"async\" width=\"83\" height=\"83\" src=\"https:\/\/umob.app\/wp-content\/uploads\/2024\/10\/Frame-2147225753.png\" class=\"attachment-full size-full wp-image-537\" alt=\"\" \/>\t\t\t\t\t\t\t\t\t\t\t\t\t\t\t<\/div>\n\t\t\t\t<\/div>\n\t\t\t\t<div class=\"elementor-element elementor-element-425bdae elementor-widget elementor-widget-heading\" data-id=\"425bdae\" data-element_type=\"widget\" data-e-type=\"widget\" data-widget_type=\"heading.default\">\n\t\t\t\t<div class=\"elementor-widget-container\">\n\t\t\t\t\t<h2 class=\"elementor-heading-title elementor-size-default\">socios<\/h2>\t\t\t\t<\/div>\n\t\t\t\t<\/div>\n\t\t\t\t<div class=\"elementor-element elementor-element-5b6e2d0 elementor-widget__width-initial elementor-widget elementor-widget-text-editor\" data-id=\"5b6e2d0\" data-element_type=\"widget\" data-e-type=\"widget\" data-widget_type=\"text-editor.default\">\n\t\t\t\t<div class=\"elementor-widget-container\">\n\t\t\t\t\t\t\t\t\t<p>Siempre buscamos colaborar con empresas afines para ofrecer soluciones de movilidad innovadoras.<\/p>\t\t\t\t\t\t\t\t<\/div>\n\t\t\t\t<\/div>\n\t\t\t\t<\/div>\n\t\t<div class=\"elementor-element elementor-element-fa2ef1c e-con-full e-flex e-con e-child\" data-id=\"fa2ef1c\" data-element_type=\"container\" data-e-type=\"container\" data-settings=\"{&quot;background_background&quot;:&quot;classic&quot;}\">\n\t\t\t\t<div class=\"elementor-element elementor-element-be795c3 elementor-widget elementor-widget-image\" data-id=\"be795c3\" data-element_type=\"widget\" data-e-type=\"widget\" data-widget_type=\"image.default\">\n\t\t\t\t<div class=\"elementor-widget-container\">\n\t\t\t\t\t\t\t\t\t\t\t\t\t\t\t<img loading=\"lazy\" decoding=\"async\" width=\"83\" height=\"83\" src=\"https:\/\/umob.app\/wp-content\/uploads\/2024\/10\/Frame-2147225753-3.png\" class=\"attachment-full size-full wp-image-534\" alt=\"\" \/>\t\t\t\t\t\t\t\t\t\t\t\t\t\t\t<\/div>\n\t\t\t\t<\/div>\n\t\t\t\t<div class=\"elementor-element elementor-element-980a01b elementor-widget elementor-widget-heading\" data-id=\"980a01b\" data-element_type=\"widget\" data-e-type=\"widget\" data-widget_type=\"heading.default\">\n\t\t\t\t<div class=\"elementor-widget-container\">\n\t\t\t\t\t<h2 class=\"elementor-heading-title elementor-size-default\">Social collabs<\/h2>\t\t\t\t<\/div>\n\t\t\t\t<\/div>\n\t\t\t\t<div class=\"elementor-element elementor-element-4881b6d elementor-widget__width-initial elementor-widget elementor-widget-text-editor\" data-id=\"4881b6d\" data-element_type=\"widget\" data-e-type=\"widget\" data-widget_type=\"text-editor.default\">\n\t\t\t\t<div class=\"elementor-widget-container\">\n\t\t\t\t\t\t\t\t\t<p>\u00bfEres un gur\u00fa social y te apasiona la movilidad sostenible y la innovaci\u00f3n urbana? \u00a1Nos encantar\u00eda colaborar contigo!<\/p>\t\t\t\t\t\t\t\t<\/div>\n\t\t\t\t<\/div>\n\t\t\t\t<\/div>\n\t\t\t\t<\/div>\n\t\t\t\t<div class=\"elementor-element elementor-element-7629d34 elementor-align-center elementor-widget elementor-widget-button\" data-id=\"7629d34\" data-element_type=\"widget\" data-e-type=\"widget\" data-widget_type=\"button.default\">\n\t\t\t\t<div class=\"elementor-widget-container\">\n\t\t\t\t\t\t\t\t\t<div class=\"elementor-button-wrapper\">\n\t\t\t\t\t<a class=\"elementor-button elementor-button-link elementor-size-sm\" href=\"mailto:partners@umob.app\">\n\t\t\t\t\t\t<span class=\"elementor-button-content-wrapper\">\n\t\t\t\t\t\t<span class=\"elementor-button-icon\">\n\t\t\t\t<svg xmlns=\"http:\/\/www.w3.org\/2000\/svg\" width=\"32\" height=\"32\" viewbox=\"0 0 32 32\" fill=\"none\"><g id=\"Frame\"><g id=\"Group\"><g id=\"Group_2\"><path id=\"Vector\" d=\"M24 9.33333C24 9.73333 23.8667 10 23.6 10.2667L10.2667 23.6C9.73333 24.1333 8.93333 24.1333 8.4 23.6C7.86667 23.0667 7.86667 22.2667 8.4 21.7333L21.7333 8.4C22.2667 7.86666 23.0667 7.86666 23.6 8.4C23.8667 8.66667 24 8.93333 24 9.33333Z\" fill=\"black\"><\/path><path id=\"Vector_2\" d=\"M24.0026 9.33366V21.3337C24.0026 22.1337 23.4693 22.667 22.6693 22.667C21.8693 22.667 21.3359 22.1337 21.3359 21.3337V10.667H10.6693C9.86927 10.667 9.33594 10.1337 9.33594 9.33366C9.33594 8.53366 9.86927 8.00033 10.6693 8.00033H22.6693C23.4693 8.00033 24.0026 8.53366 24.0026 9.33366Z\" fill=\"black\"><\/path><\/g><\/g><\/g><\/svg>\t\t\t<\/span>\n\t\t\t\t\t\t\t\t\t<span class=\"elementor-button-text\">P\u00f3ngase en contacto<\/span>\n\t\t\t\t\t<\/span>\n\t\t\t\t\t<\/a>\n\t\t\t\t<\/div>\n\t\t\t\t\t\t\t\t<\/div>\n\t\t\t\t<\/div>\n\t\t\t\t\t<\/div>\n\t\t\t\t<\/div>\n\t\t<div class=\"elementor-element elementor-element-5d0c12e e-flex e-con-boxed e-con e-parent\" data-id=\"5d0c12e\" data-element_type=\"container\" data-e-type=\"container\" data-settings=\"{&quot;background_background&quot;:&quot;classic&quot;}\">\n\t\t\t\t\t<div class=\"e-con-inner\">\n\t\t<div class=\"elementor-element elementor-element-7c1122f e-con-full e-flex e-con e-child\" data-id=\"7c1122f\" data-element_type=\"container\" data-e-type=\"container\">\n\t\t\t\t<div class=\"elementor-element elementor-element-e798018 elementor-widget elementor-widget-image\" data-id=\"e798018\" data-element_type=\"widget\" data-e-type=\"widget\" data-widget_type=\"image.default\">\n\t\t\t\t<div class=\"elementor-widget-container\">\n\t\t\t\t\t\t\t\t\t\t\t\t\t\t\t<img loading=\"lazy\" decoding=\"async\" width=\"526\" height=\"488\" src=\"https:\/\/umob.app\/wp-content\/uploads\/2024\/10\/Connecting-teams-cuate-1.png\" class=\"attachment-large size-large wp-image-503\" alt=\"\" srcset=\"https:\/\/umob.app\/wp-content\/uploads\/2024\/10\/Connecting-teams-cuate-1.png 526w, https:\/\/umob.app\/wp-content\/uploads\/2024\/10\/Connecting-teams-cuate-1-300x278.png 300w\" sizes=\"(max-width: 526px) 100vw, 526px\" \/>\t\t\t\t\t\t\t\t\t\t\t\t\t\t\t<\/div>\n\t\t\t\t<\/div>\n\t\t\t\t<\/div>\n\t\t<div class=\"elementor-element elementor-element-2e075f6 e-con-full e-flex e-con e-child\" data-id=\"2e075f6\" data-element_type=\"container\" data-e-type=\"container\">\n\t\t\t\t<div class=\"elementor-element elementor-element-1e3989a elementor-widget elementor-widget-heading\" data-id=\"1e3989a\" data-element_type=\"widget\" data-e-type=\"widget\" data-widget_type=\"heading.default\">\n\t\t\t\t<div class=\"elementor-widget-container\">\n\t\t\t\t\t<h2 class=\"elementor-heading-title elementor-size-default\"><p class=\"translation-block\">elecci\u00f3n <span style=\"background-color: #DAFC5A\">verde<\/span><\/p><\/h2>\t\t\t\t<\/div>\n\t\t\t\t<\/div>\n\t\t<div class=\"elementor-element elementor-element-600dcaa e-con-full e-flex e-con e-child\" data-id=\"600dcaa\" data-element_type=\"container\" data-e-type=\"container\">\n\t\t\t\t<div class=\"elementor-element elementor-element-88b6b1e elementor-widget__width-initial elementor-widget elementor-widget-text-editor\" data-id=\"88b6b1e\" data-element_type=\"widget\" data-e-type=\"widget\" data-widget_type=\"text-editor.default\">\n\t\t\t\t<div class=\"elementor-widget-container\">\n\t\t\t\t\t\t\t\t\t<p>En umob, ayudamos a los usuarios a tomar decisiones de viaje m\u00e1s ecol\u00f3gicas mediante soluciones de movilidad innovadoras. Perm\u00edtanos explicarle c\u00f3mo podemos colaborar e inspirar a m\u00e1s personas para que elijan formas de desplazarse respetuosas con el medio ambiente.<\/p>\t\t\t\t\t\t\t\t<\/div>\n\t\t\t\t<\/div>\n\t\t\t\t<\/div>\n\t\t\t\t<\/div>\n\t\t\t\t\t<\/div>\n\t\t\t\t<\/div>\n\t\t\t\t<\/div>","protected":false},"excerpt":{"rendered":"<p>LETS GET INTO business Ready to collaborate with umob and drive the future of mobility? Whether you&#8217;re a brand, municipality, or a social guru, we&#8217;re excited to explore partnership opportunities that promote smarter and greener transport solutions. Get in touch Moving Your Business Fast and Conveniently Mobility partners We&#8217;re always seeking innovative partners to extend [&hellip;]<\/p>\n","protected":false},"author":1,"featured_media":0,"parent":0,"menu_order":0,"comment_status":"closed","ping_status":"closed","template":"elementor_header_footer","meta":{"_acf_changed":false,"_monsterinsights_skip_tracking":false,"_monsterinsights_sitenote_active":false,"_monsterinsights_sitenote_note":"","_monsterinsights_sitenote_category":0,"footnotes":""},"class_list":["post-6756","page","type-page","status-publish","hentry"],"acf":[],"yoast_head":"<!-- This site is optimized with the Yoast SEO plugin v27.5 - https:\/\/yoast.com\/product\/yoast-seo-wordpress\/ -->\n<title>Business - umob<\/title>\n<meta name=\"robots\" content=\"index, follow, max-snippet:-1, max-image-preview:large, max-video-preview:-1\" \/>\n<link rel=\"canonical\" href=\"https:\/\/umob.app\/es\/busines\/\" \/>\n<meta property=\"og:locale\" content=\"es_ES\" \/>\n<meta property=\"og:type\" content=\"article\" \/>\n<meta property=\"og:title\" content=\"Business - umob\" \/>\n<meta property=\"og:description\" content=\"LETS GET INTO business Ready to collaborate with umob and drive the future of mobility? Whether you&#8217;re a brand, municipality, or a social guru, we&#8217;re excited to explore partnership opportunities that promote smarter and greener transport solutions. Get in touch Moving Your Business Fast and Conveniently Mobility partners We&#8217;re always seeking innovative partners to extend [&hellip;]\" \/>\n<meta property=\"og:url\" content=\"https:\/\/umob.app\/es\/busines\/\" \/>\n<meta property=\"og:site_name\" content=\"umob\" \/>\n<meta property=\"article:modified_time\" content=\"2025-04-01T10:00:51+00:00\" \/>\n<meta property=\"og:image\" content=\"https:\/\/umob.app\/wp-content\/uploads\/2024\/11\/image-74-1.png\" \/>\n\t<meta property=\"og:image:width\" content=\"1982\" \/>\n\t<meta property=\"og:image:height\" content=\"1981\" \/>\n\t<meta property=\"og:image:type\" content=\"image\/png\" \/>\n<meta name=\"twitter:card\" content=\"summary_large_image\" \/>\n<meta name=\"twitter:label1\" content=\"Tiempo de lectura\" \/>\n\t<meta name=\"twitter:data1\" content=\"1 minuto\" \/>\n<script type=\"application\/ld+json\" class=\"yoast-schema-graph\">{\"@context\":\"https:\\\/\\\/schema.org\",\"@graph\":[{\"@type\":\"WebPage\",\"@id\":\"https:\\\/\\\/umob.app\\\/busines\\\/\",\"url\":\"https:\\\/\\\/umob.app\\\/busines\\\/\",\"name\":\"Business - umob\",\"isPartOf\":{\"@id\":\"https:\\\/\\\/umob.app\\\/#website\"},\"primaryImageOfPage\":{\"@id\":\"https:\\\/\\\/umob.app\\\/busines\\\/#primaryimage\"},\"image\":{\"@id\":\"https:\\\/\\\/umob.app\\\/busines\\\/#primaryimage\"},\"thumbnailUrl\":\"https:\\\/\\\/umob.app\\\/wp-content\\\/uploads\\\/2024\\\/11\\\/image-74-1-1024x1024.png\",\"datePublished\":\"2025-02-19T03:50:03+00:00\",\"dateModified\":\"2025-04-01T10:00:51+00:00\",\"breadcrumb\":{\"@id\":\"https:\\\/\\\/umob.app\\\/busines\\\/#breadcrumb\"},\"inLanguage\":\"es\",\"potentialAction\":[{\"@type\":\"ReadAction\",\"target\":[\"https:\\\/\\\/umob.app\\\/busines\\\/\"]}]},{\"@type\":\"ImageObject\",\"inLanguage\":\"es\",\"@id\":\"https:\\\/\\\/umob.app\\\/busines\\\/#primaryimage\",\"url\":\"https:\\\/\\\/umob.app\\\/wp-content\\\/uploads\\\/2024\\\/11\\\/image-74-1-1024x1024.png\",\"contentUrl\":\"https:\\\/\\\/umob.app\\\/wp-content\\\/uploads\\\/2024\\\/11\\\/image-74-1-1024x1024.png\"},{\"@type\":\"BreadcrumbList\",\"@id\":\"https:\\\/\\\/umob.app\\\/busines\\\/#breadcrumb\",\"itemListElement\":[{\"@type\":\"ListItem\",\"position\":1,\"name\":\"Home\",\"item\":\"https:\\\/\\\/umob.app\\\/\"},{\"@type\":\"ListItem\",\"position\":2,\"name\":\"Business\"}]},{\"@type\":\"WebSite\",\"@id\":\"https:\\\/\\\/umob.app\\\/#website\",\"url\":\"https:\\\/\\\/umob.app\\\/\",\"name\":\"umob\",\"description\":\"traveling around the city\",\"publisher\":{\"@id\":\"https:\\\/\\\/umob.app\\\/#organization\"},\"potentialAction\":[{\"@type\":\"SearchAction\",\"target\":{\"@type\":\"EntryPoint\",\"urlTemplate\":\"https:\\\/\\\/umob.app\\\/?s={search_term_string}\"},\"query-input\":{\"@type\":\"PropertyValueSpecification\",\"valueRequired\":true,\"valueName\":\"search_term_string\"}}],\"inLanguage\":\"es\"},{\"@type\":\"Organization\",\"@id\":\"https:\\\/\\\/umob.app\\\/#organization\",\"name\":\"umob\",\"url\":\"https:\\\/\\\/umob.app\\\/\",\"logo\":{\"@type\":\"ImageObject\",\"inLanguage\":\"es\",\"@id\":\"https:\\\/\\\/umob.app\\\/#\\\/schema\\\/logo\\\/image\\\/\",\"url\":\"https:\\\/\\\/umob.app\\\/wp-content\\\/uploads\\\/2024\\\/10\\\/Umob_logomark_color_RGB-kopie-3-1.svg\",\"contentUrl\":\"https:\\\/\\\/umob.app\\\/wp-content\\\/uploads\\\/2024\\\/10\\\/Umob_logomark_color_RGB-kopie-3-1.svg\",\"width\":141,\"height\":34,\"caption\":\"umob\"},\"image\":{\"@id\":\"https:\\\/\\\/umob.app\\\/#\\\/schema\\\/logo\\\/image\\\/\"}}]}<\/script>\n<!-- \/ Yoast SEO plugin. -->","yoast_head_json":{"title":"Business - umob","robots":{"index":"index","follow":"follow","max-snippet":"max-snippet:-1","max-image-preview":"max-image-preview:large","max-video-preview":"max-video-preview:-1"},"canonical":"https:\/\/umob.app\/es\/busines\/","og_locale":"es_ES","og_type":"article","og_title":"Business - umob","og_description":"LETS GET INTO business Ready to collaborate with umob and drive the future of mobility? Whether you&#8217;re a brand, municipality, or a social guru, we&#8217;re excited to explore partnership opportunities that promote smarter and greener transport solutions. Get in touch Moving Your Business Fast and Conveniently Mobility partners We&#8217;re always seeking innovative partners to extend [&hellip;]","og_url":"https:\/\/umob.app\/es\/busines\/","og_site_name":"umob","article_modified_time":"2025-04-01T10:00:51+00:00","og_image":[{"width":1982,"height":1981,"url":"https:\/\/umob.app\/wp-content\/uploads\/2024\/11\/image-74-1.png","type":"image\/png"}],"twitter_card":"summary_large_image","twitter_misc":{"Tiempo de lectura":"1 minuto"},"schema":{"@context":"https:\/\/schema.org","@graph":[{"@type":"WebPage","@id":"https:\/\/umob.app\/busines\/","url":"https:\/\/umob.app\/busines\/","name":"Business - umob","isPartOf":{"@id":"https:\/\/umob.app\/#website"},"primaryImageOfPage":{"@id":"https:\/\/umob.app\/busines\/#primaryimage"},"image":{"@id":"https:\/\/umob.app\/busines\/#primaryimage"},"thumbnailUrl":"https:\/\/umob.app\/wp-content\/uploads\/2024\/11\/image-74-1-1024x1024.png","datePublished":"2025-02-19T03:50:03+00:00","dateModified":"2025-04-01T10:00:51+00:00","breadcrumb":{"@id":"https:\/\/umob.app\/busines\/#breadcrumb"},"inLanguage":"es","potentialAction":[{"@type":"ReadAction","target":["https:\/\/umob.app\/busines\/"]}]},{"@type":"ImageObject","inLanguage":"es","@id":"https:\/\/umob.app\/busines\/#primaryimage","url":"https:\/\/umob.app\/wp-content\/uploads\/2024\/11\/image-74-1-1024x1024.png","contentUrl":"https:\/\/umob.app\/wp-content\/uploads\/2024\/11\/image-74-1-1024x1024.png"},{"@type":"BreadcrumbList","@id":"https:\/\/umob.app\/busines\/#breadcrumb","itemListElement":[{"@type":"ListItem","position":1,"name":"Home","item":"https:\/\/umob.app\/"},{"@type":"ListItem","position":2,"name":"Business"}]},{"@type":"WebSite","@id":"https:\/\/umob.app\/#website","url":"https:\/\/umob.app\/","name":"umob","description":"traveling around the city","publisher":{"@id":"https:\/\/umob.app\/#organization"},"potentialAction":[{"@type":"SearchAction","target":{"@type":"EntryPoint","urlTemplate":"https:\/\/umob.app\/?s={search_term_string}"},"query-input":{"@type":"PropertyValueSpecification","valueRequired":true,"valueName":"search_term_string"}}],"inLanguage":"es"},{"@type":"Organization","@id":"https:\/\/umob.app\/#organization","name":"umob","url":"https:\/\/umob.app\/","logo":{"@type":"ImageObject","inLanguage":"es","@id":"https:\/\/umob.app\/#\/schema\/logo\/image\/","url":"https:\/\/umob.app\/wp-content\/uploads\/2024\/10\/Umob_logomark_color_RGB-kopie-3-1.svg","contentUrl":"https:\/\/umob.app\/wp-content\/uploads\/2024\/10\/Umob_logomark_color_RGB-kopie-3-1.svg","width":141,"height":34,"caption":"umob"},"image":{"@id":"https:\/\/umob.app\/#\/schema\/logo\/image\/"}}]}},"_links":{"self":[{"href":"https:\/\/umob.app\/es\/wp-json\/wp\/v2\/pages\/6756","targetHints":{"allow":["GET"]}}],"collection":[{"href":"https:\/\/umob.app\/es\/wp-json\/wp\/v2\/pages"}],"about":[{"href":"https:\/\/umob.app\/es\/wp-json\/wp\/v2\/types\/page"}],"author":[{"embeddable":true,"href":"https:\/\/umob.app\/es\/wp-json\/wp\/v2\/users\/1"}],"replies":[{"embeddable":true,"href":"https:\/\/umob.app\/es\/wp-json\/wp\/v2\/comments?post=6756"}],"version-history":[{"count":3,"href":"https:\/\/umob.app\/es\/wp-json\/wp\/v2\/pages\/6756\/revisions"}],"predecessor-version":[{"id":8593,"href":"https:\/\/umob.app\/es\/wp-json\/wp\/v2\/pages\/6756\/revisions\/8593"}],"wp:attachment":[{"href":"https:\/\/umob.app\/es\/wp-json\/wp\/v2\/media?parent=6756"}],"curies":[{"name":"wp","href":"https:\/\/api.w.org\/{rel}","templated":true}]}}