{"id":3882,"date":"2025-02-03T08:37:06","date_gmt":"2025-02-03T08:37:06","guid":{"rendered":"http:\/\/umob.app\/?page_id=3882"},"modified":"2025-10-29T08:42:34","modified_gmt":"2025-10-29T08:42:34","slug":"about-umob","status":"publish","type":"page","link":"https:\/\/umob.app\/fr\/about-umob\/","title":{"rendered":"\u00c0 propos de l'umob"},"content":{"rendered":"<h2>\n<p>We are UMOB<\/p>\n<\/h2>\n<p>L'application de mobilit\u00e9 tout-en-un pour comparer, r\u00e9server et payer toutes vos options de transport - en un seul endroit ! Explorez les possibilit\u00e9s et d\u00e9couvrez la commodit\u00e9 d'un voyage facile. Pr\u00eat \u00e0 nous rejoindre ? Nous sommes \u00e0 votre recherche!<\/p>\n<p>\t\t\t\t\t<a href=\"https:\/\/umob.app\/fr\/career\/#vacancises\"><br \/>\n\t\t\t\t<svg xmlns=\"http:\/\/www.w3.org\/2000\/svg\" width=\"42\" height=\"42\" viewbox=\"0 0 42 42\" fill=\"none\"><rect width=\"42\" height=\"42\" rx=\"21\" fill=\"white\"><\/rect><path d=\"M29 14.3333C29 14.7333 28.8667 15 28.6 15.2667L15.2667 28.6C14.7333 29.1333 13.9333 29.1333 13.4 28.6C12.8667 28.0667 12.8667 27.2667 13.4 26.7333L26.7333 13.4C27.2667 12.8667 28.0667 12.8667 28.6 13.4C28.8667 13.6667 29 13.9333 29 14.3333Z\" fill=\"#222121\"><\/path><path d=\"M29.0026 14.3327V26.3327C29.0026 27.1327 28.4693 27.666 27.6693 27.666C26.8693 27.666 26.3359 27.1327 26.3359 26.3327V15.666H15.6693C14.8693 15.666 14.3359 15.1327 14.3359 14.3327C14.3359 13.5327 14.8693 12.9994 15.6693 12.9994H27.6693C28.4693 12.9994 29.0026 13.5327 29.0026 14.3327Z\" fill=\"#222121\"><\/path><\/svg><br \/>\n\t\t\t\t\t\t\t\t\tVACANCES<br \/>\n\t\t\t\t\t<\/a><br \/>\n\t\t\t\t\t\t\t\t\t\t\t\t\t\t\t<img fetchpriority=\"high\" decoding=\"async\" width=\"2132\" height=\"1740\" src=\"https:\/\/umob.app\/wp-content\/uploads\/2025\/02\/Source_5.-Final-1.png\" alt=\"\" srcset=\"https:\/\/umob.app\/wp-content\/uploads\/2025\/02\/Source_5.-Final-1.png 2132w, https:\/\/umob.app\/wp-content\/uploads\/2025\/02\/Source_5.-Final-1-300x245.png 300w, https:\/\/umob.app\/wp-content\/uploads\/2025\/02\/Source_5.-Final-1-1024x836.png 1024w, https:\/\/umob.app\/wp-content\/uploads\/2025\/02\/Source_5.-Final-1-768x627.png 768w, https:\/\/umob.app\/wp-content\/uploads\/2025\/02\/Source_5.-Final-1-1536x1254.png 1536w, https:\/\/umob.app\/wp-content\/uploads\/2025\/02\/Source_5.-Final-1-2048x1671.png 2048w\" sizes=\"(max-width: 2132px) 100vw, 2132px\" \/>\t\t\t\t\t\t\t\t\t\t\t\t\t\t\t<\/p>\n<figure><img decoding=\"async\" src=\"https:\/\/umob.app\/wp-content\/uploads\/2025\/02\/01.jpg\" alt=\"01\" \/><\/figure>\n<figure><img decoding=\"async\" src=\"https:\/\/umob.app\/wp-content\/uploads\/2025\/02\/1.jpg\" alt=\"\" \/><\/figure>\n<figure><img decoding=\"async\" src=\"https:\/\/umob.app\/wp-content\/uploads\/2025\/02\/2.jpg\" alt=\"\" \/><\/figure>\n<figure><img decoding=\"async\" src=\"https:\/\/umob.app\/wp-content\/uploads\/2025\/02\/3.jpg\" alt=\"\" \/><\/figure>\n<h2>LES D\u00c9BUTS D'UMOB AVEC BIBI ET RAYMON<\/h2>\n<p>\t\tIn Rotterdam, umob is revolutionizing urban mobility. Founded by Raymon Pouwels, former CEO of GO Sharing, and Bibi Jorissen. umob connects all forms of transport into one simple app.<br \/>\nRaymon, with his experience in shared mobility, sees umob as the next step in making transportation as convenient as owning a car. &#8220;To compete with ownership, we need to take convenience to the next level,&#8221; he says. Bibi and Raymon\u2019s goal is clear: offer users a seamless, sustainable travel experience with one account and payment method. Through umob, they aim to unite cities, transport providers, and users in creating smarter, greener mobility solutions for all.<br \/>\n\t\t\t\t\t<a href=\"https:\/\/umob.app\/fr\/press\/\"><br \/>\n\t\t\t\t<svg xmlns=\"http:\/\/www.w3.org\/2000\/svg\" width=\"42\" height=\"42\" viewbox=\"0 0 42 42\" fill=\"none\"><rect width=\"42\" height=\"42\" rx=\"21\" fill=\"white\"><\/rect><path d=\"M29 14.3333C29 14.7333 28.8667 15 28.6 15.2667L15.2667 28.6C14.7333 29.1333 13.9333 29.1333 13.4 28.6C12.8667 28.0667 12.8667 27.2667 13.4 26.7333L26.7333 13.4C27.2667 12.8667 28.0667 12.8667 28.6 13.4C28.8667 13.6667 29 13.9333 29 14.3333Z\" fill=\"#222121\"><\/path><path d=\"M29.0026 14.3327V26.3327C29.0026 27.1327 28.4693 27.666 27.6693 27.666C26.8693 27.666 26.3359 27.1327 26.3359 26.3327V15.666H15.6693C14.8693 15.666 14.3359 15.1327 14.3359 14.3327C14.3359 13.5327 14.8693 12.9994 15.6693 12.9994H27.6693C28.4693 12.9994 29.0026 13.5327 29.0026 14.3327Z\" fill=\"#222121\"><\/path><\/svg><br \/>\n\t\t\t\t\t\t\t\t\tpage de presse<br \/>\n\t\t\t\t\t<\/a><\/p>\n<h2>\n<p>Mission &amp; vision<\/p>\n<\/h2>\n<p>\t\tNotre mission est d'am\u00e9liorer la mobilit\u00e9 des entreprises en fournissant des solutions de transport durables et flexibles qui augmentent la productivit\u00e9, r\u00e9duisent les co\u00fbts et optimisent l'ensemble des d\u00e9placements des employ\u00e9s.\t\t<\/p>\n<h2>Des solutions durables<\/h2>\n<p>Des solutions de mobilit\u00e9 durables, plus efficaces et plus flexibles pour les entreprises qui augmentent la productivit\u00e9 en rationalisant les d\u00e9placements des employ\u00e9s.<\/p>\n<h2>Augmenter la productivit\u00e9<\/h2>\n<p>Des solutions de mobilit\u00e9 durables, plus efficaces et plus flexibles pour les entreprises qui augmentent la productivit\u00e9 en rationalisant les d\u00e9placements des employ\u00e9s.<\/p>\n<h2>Leader du secteur<\/h2>\n<p>\t\tDes solutions de mobilit\u00e9 durables, plus efficaces et plus flexibles pour les entreprises qui augmentent la productivit\u00e9 en rationalisant les d\u00e9placements des employ\u00e9s.\t\t<\/p>\n<h2>\n<p>Brand values<\/p>\n<\/h2>\n<figure><img decoding=\"async\" width=\"212\" height=\"212\" src=\"https:\/\/umob.app\/wp-content\/uploads\/2025\/02\/Frame-2147225753.png\" alt=\"\" \/><\/figure>\n<h3>Fiabilit\u00e9<\/h3>\n<p>Nous cartographions les \u00e9missions de nos services de mobilit\u00e9 afin que les entreprises puissent faire des choix conscients pour un transport plus durable.<\/p>\n<figure><img decoding=\"async\" width=\"212\" height=\"212\" src=\"https:\/\/umob.app\/wp-content\/uploads\/2025\/02\/Frame-2147225753-1.png\" alt=\"\" \/><\/figure>\n<h3>Transparence<\/h3>\n<p>Nous sommes synonymes d'ouverture et de clart\u00e9 : nous communiquons clairement sur notre approche et aidons nos clients \u00e0 r\u00e9duire leurs \u00e9missions de CO\u2082.<\/p>\n<figure><img loading=\"lazy\" decoding=\"async\" width=\"212\" height=\"212\" src=\"https:\/\/umob.app\/wp-content\/uploads\/2025\/02\/Frame-2147225753-2.png\" alt=\"\" \/><\/figure>\n<h3>Int\u00e9grit\u00e9<\/h3>\n<p>We operate with strong ethical principles, ensuring we deliver high-quality services that align with our clients&#8217; values.<\/p>\n<figure><img loading=\"lazy\" decoding=\"async\" width=\"212\" height=\"212\" src=\"https:\/\/umob.app\/wp-content\/uploads\/2025\/02\/Frame-2147225753-3.png\" alt=\"\" \/><\/figure>\n<h3>Collaboration<\/h3>\n<p>Nous croyons en l'\u00e9tablissement de partenariats solides avec nos clients et travaillons ensemble pour d\u00e9velopper des solutions qui r\u00e9pondent parfaitement \u00e0 leurs besoins sp\u00e9cifiques.<\/p>\n<h2>\n<p>Core&nbsp;values<\/p>\n<\/h2>\n<figure><img loading=\"lazy\" decoding=\"async\" width=\"213\" height=\"212\" src=\"https:\/\/umob.app\/wp-content\/uploads\/2025\/02\/Frame-2147225753-4.png\" alt=\"\" \/><\/figure>\n<h3>Durabilit\u00e9<\/h3>\n<p>Nous nous engageons \u00e0 fournir des solutions de transport respectueuses de l'environnement qui r\u00e9duisent les \u00e9missions de CO2 et contribuent \u00e0 un avenir plus vert.<\/p>\n<figure><img loading=\"lazy\" decoding=\"async\" width=\"213\" height=\"212\" src=\"https:\/\/umob.app\/wp-content\/uploads\/2025\/02\/Frame-2147225753-5.png\" alt=\"\" \/><\/figure>\n<h3>Innovation<\/h3>\n<p>Nous nous effor\u00e7ons constamment d'am\u00e9liorer et d'innover, en offrant des solutions de mobilit\u00e9 avanc\u00e9es qui r\u00e9pondent aux besoins changeants des entreprises et des employ\u00e9s.<\/p>\n<figure><img loading=\"lazy\" decoding=\"async\" width=\"213\" height=\"212\" src=\"https:\/\/umob.app\/wp-content\/uploads\/2025\/02\/Frame-2147225753-6.png\" alt=\"\" \/><\/figure>\n<h3>Flexibilit\u00e9<\/h3>\n<p>En analysant des donn\u00e9es actualis\u00e9es, nous am\u00e9liorons les options de transport et encourageons une utilisation plus durable de la mobilit\u00e9.<\/p>\n<figure><img loading=\"lazy\" decoding=\"async\" width=\"213\" height=\"212\" src=\"https:\/\/umob.app\/wp-content\/uploads\/2025\/02\/Frame-2147225753-7.png\" alt=\"\" \/><\/figure>\n<h3>FOCALISATION SUR LE CLIENT<\/h3>\n<p>Nous sommes \u00e0 l'\u00e9coute de nos clients et leur proposons des solutions qui r\u00e9pondent \u00e0 leurs besoins en mati\u00e8re de transport, en toute simplicit\u00e9.<\/p>\n<h2>NOTRE FANTASTIQUE <\/h2>\n<h2>\n<p>Amazing&nbsp;Workspace<\/p>\n<\/h2>\n<p>\t\t\t\t\t\t\t\t\t\t\t\t\t\t\t<img loading=\"lazy\" decoding=\"async\" width=\"2112\" height=\"2348\" src=\"https:\/\/umob.app\/wp-content\/uploads\/2025\/02\/Source_6.-Final-1-1-1.png\" alt=\"\" srcset=\"https:\/\/umob.app\/wp-content\/uploads\/2025\/02\/Source_6.-Final-1-1-1.png 2112w, https:\/\/umob.app\/wp-content\/uploads\/2025\/02\/Source_6.-Final-1-1-1-270x300.png 270w, https:\/\/umob.app\/wp-content\/uploads\/2025\/02\/Source_6.-Final-1-1-1-921x1024.png 921w, https:\/\/umob.app\/wp-content\/uploads\/2025\/02\/Source_6.-Final-1-1-1-768x854.png 768w, https:\/\/umob.app\/wp-content\/uploads\/2025\/02\/Source_6.-Final-1-1-1-1382x1536.png 1382w, https:\/\/umob.app\/wp-content\/uploads\/2025\/02\/Source_6.-Final-1-1-1-1842x2048.png 1842w\" sizes=\"(max-width: 2112px) 100vw, 2112px\" \/>\t\t\t\t\t\t\t\t\t\t\t\t\t\t\t<\/p>\n<ul>\n<li>\n\t\t\t\t\t\t\t<svg aria-hidden=\"true\" viewbox=\"0 0 512 512\" xmlns=\"http:\/\/www.w3.org\/2000\/svg\"><path d=\"M256 8C119 8 8 119 8 256s111 248 248 248 248-111 248-248S393 8 256 8z\"><\/path><\/svg><br \/>\n\t\t\t\t\t\t\t\t\t\tAU C\u0152UR DE ROTTERDAM.\n\t\t\t\t\t\t\t\t\t<\/li>\n<\/ul>\n<p>Un lieu dynamique o\u00f9 l\u2019on ressent imm\u00e9diatement l\u2019\u00e9nergie de la ville, tout est \u00e0 port\u00e9e de main.<\/p>\n<ul>\n<li>\n\t\t\t\t\t\t\t<svg aria-hidden=\"true\" viewbox=\"0 0 512 512\" xmlns=\"http:\/\/www.w3.org\/2000\/svg\"><path d=\"M256 8C119 8 8 119 8 256s111 248 248 248 248-111 248-248S393 8 256 8z\"><\/path><\/svg><br \/>\n\t\t\t\t\t\t\t\t\t\tSTARBUCKS AU COIN DE LA RUE.\n\t\t\t\t\t\t\t\t\t<\/li>\n<\/ul>\n<p>Pour la dose n\u00e9cessaire de caf\u00e9 (et de biscuits), afin que vous soyez toujours pr\u00eat \u00e0 briller au travail.<\/p>\n<ul>\n<li>\n\t\t\t\t\t\t\t<svg aria-hidden=\"true\" viewbox=\"0 0 512 512\" xmlns=\"http:\/\/www.w3.org\/2000\/svg\"><path d=\"M256 8C119 8 8 119 8 256s111 248 248 248 248-111 248-248S393 8 256 8z\"><\/path><\/svg><br \/>\n\t\t\t\t\t\t\t\t\t\tUN B\u00c2TIMENT MODERNE ET \u00c9L\u00c9GANT.\n\t\t\t\t\t\t\t\t\t<\/li>\n<\/ul>\n<p>Pensez \u00e0 des postes de travail \u00e9l\u00e9gants, \u00e0 beaucoup de lumi\u00e8re et \u00e0 une atmosph\u00e8re inspirante qui respire l'innovation.<\/p>\n<ul>\n<li>\n\t\t\t\t\t\t\t<svg aria-hidden=\"true\" viewbox=\"0 0 512 512\" xmlns=\"http:\/\/www.w3.org\/2000\/svg\"><path d=\"M256 8C119 8 8 119 8 256s111 248 248 248 248-111 248-248S393 8 256 8z\"><\/path><\/svg><br \/>\n\t\t\t\t\t\t\t\t\t\tTR\u00c8S FACILE D'ACC\u00c8S PAR LES TRANSPORTS EN COMMUN.\n\t\t\t\t\t\t\t\t\t<\/li>\n<\/ul>\n<p>Que vous veniez en train, en m\u00e9tro, en tramway ou en bus, vous serez sur place en un rien de temps. Moins de stress, plus de temps pour ce qui compte vraiment !<\/p>\n<ul>\n<li>\n\t\t\t\t\t\t\t<svg aria-hidden=\"true\" viewbox=\"0 0 512 512\" xmlns=\"http:\/\/www.w3.org\/2000\/svg\"><path d=\"M256 8C119 8 8 119 8 256s111 248 248 248 248-111 248-248S393 8 256 8z\"><\/path><\/svg><br \/>\n\t\t\t\t\t\t\t\t\t\tA perfect mix of working and relaxing.\n\t\t\t\t\t\t\t\t\t<\/li>\n<\/ul>\n<p>With fine workspaces, enough places for brainstorming sessions as well as space to unwind.<\/p>\n<p>\t\t\t\t\t<a href=\"https:\/\/umob.app\/fr\/career\/#vacancises\"><br \/>\n\t\t\t\t<svg xmlns=\"http:\/\/www.w3.org\/2000\/svg\" width=\"42\" height=\"42\" viewbox=\"0 0 42 42\" fill=\"none\"><rect width=\"42\" height=\"42\" rx=\"21\" fill=\"white\"><\/rect><path d=\"M29 14.3333C29 14.7333 28.8667 15 28.6 15.2667L15.2667 28.6C14.7333 29.1333 13.9333 29.1333 13.4 28.6C12.8667 28.0667 12.8667 27.2667 13.4 26.7333L26.7333 13.4C27.2667 12.8667 28.0667 12.8667 28.6 13.4C28.8667 13.6667 29 13.9333 29 14.3333Z\" fill=\"#222121\"><\/path><path d=\"M29.0026 14.3327V26.3327C29.0026 27.1327 28.4693 27.666 27.6693 27.666C26.8693 27.666 26.3359 27.1327 26.3359 26.3327V15.666H15.6693C14.8693 15.666 14.3359 15.1327 14.3359 14.3327C14.3359 13.5327 14.8693 12.9994 15.6693 12.9994H27.6693C28.4693 12.9994 29.0026 13.5327 29.0026 14.3327Z\" fill=\"#222121\"><\/path><\/svg><br \/>\n\t\t\t\t\t\t\t\t\tVOIR NOS OFFRES D'EMPLOI<br \/>\n\t\t\t\t\t<\/a><\/p>","protected":false},"excerpt":{"rendered":"<p>We are UMOB The all-in-one mobility app to compare, book, and pay for all your transportation needs in one place. Explore every option with a single solution. We are looking for you. vacancy page The Start With Bibi and Raymon In Rotterdam, umob is revolutionizing urban mobility. Founded by Raymon Pouwels, former CEO of GO [&hellip;]<\/p>\n","protected":false},"author":1,"featured_media":0,"parent":0,"menu_order":0,"comment_status":"closed","ping_status":"closed","template":"elementor_header_footer","meta":{"_acf_changed":false,"_monsterinsights_skip_tracking":false,"_monsterinsights_sitenote_active":false,"_monsterinsights_sitenote_note":"","_monsterinsights_sitenote_category":0,"footnotes":""},"class_list":["post-3882","page","type-page","status-publish","hentry"],"acf":[],"yoast_head":"<!-- This site is optimized with the Yoast SEO plugin v27.5 - https:\/\/yoast.com\/product\/yoast-seo-wordpress\/ -->\n<title>About umob - umob<\/title>\n<meta name=\"robots\" content=\"index, follow, max-snippet:-1, max-image-preview:large, max-video-preview:-1\" \/>\n<link rel=\"canonical\" href=\"https:\/\/umob.app\/fr\/about-umob\/\" \/>\n<meta property=\"og:locale\" content=\"fr_FR\" \/>\n<meta property=\"og:type\" content=\"article\" \/>\n<meta property=\"og:title\" content=\"About umob - umob\" \/>\n<meta property=\"og:description\" content=\"We are UMOB The all-in-one mobility app to compare, book, and pay for all your transportation needs in one place. Explore every option with a single solution. We are looking for you. vacancy page The Start With Bibi and Raymon In Rotterdam, umob is revolutionizing urban mobility. Founded by Raymon Pouwels, former CEO of GO [&hellip;]\" \/>\n<meta property=\"og:url\" content=\"https:\/\/umob.app\/fr\/about-umob\/\" \/>\n<meta property=\"og:site_name\" content=\"umob\" \/>\n<meta property=\"article:modified_time\" content=\"2025-10-29T08:42:34+00:00\" \/>\n<meta property=\"og:image\" content=\"https:\/\/umob.app\/wp-content\/uploads\/2025\/02\/Source_5.-Final-1.png\" \/>\n<meta name=\"twitter:card\" content=\"summary_large_image\" \/>\n<meta name=\"twitter:label1\" content=\"Dur\u00e9e de lecture estim\u00e9e\" \/>\n\t<meta name=\"twitter:data1\" content=\"5 minutes\" \/>\n<script type=\"application\/ld+json\" class=\"yoast-schema-graph\">{\"@context\":\"https:\\\/\\\/schema.org\",\"@graph\":[{\"@type\":\"WebPage\",\"@id\":\"https:\\\/\\\/umob.app\\\/about-umob\\\/\",\"url\":\"https:\\\/\\\/umob.app\\\/about-umob\\\/\",\"name\":\"About umob - umob\",\"isPartOf\":{\"@id\":\"https:\\\/\\\/umob.app\\\/#website\"},\"primaryImageOfPage\":{\"@id\":\"https:\\\/\\\/umob.app\\\/about-umob\\\/#primaryimage\"},\"image\":{\"@id\":\"https:\\\/\\\/umob.app\\\/about-umob\\\/#primaryimage\"},\"thumbnailUrl\":\"https:\\\/\\\/umob.app\\\/wp-content\\\/uploads\\\/2025\\\/02\\\/Source_5.-Final-1.png\",\"datePublished\":\"2025-02-03T08:37:06+00:00\",\"dateModified\":\"2025-10-29T08:42:34+00:00\",\"breadcrumb\":{\"@id\":\"https:\\\/\\\/umob.app\\\/about-umob\\\/#breadcrumb\"},\"inLanguage\":\"fr-FR\",\"potentialAction\":[{\"@type\":\"ReadAction\",\"target\":[\"https:\\\/\\\/umob.app\\\/about-umob\\\/\"]}]},{\"@type\":\"ImageObject\",\"inLanguage\":\"fr-FR\",\"@id\":\"https:\\\/\\\/umob.app\\\/about-umob\\\/#primaryimage\",\"url\":\"https:\\\/\\\/umob.app\\\/wp-content\\\/uploads\\\/2025\\\/02\\\/Source_5.-Final-1.png\",\"contentUrl\":\"https:\\\/\\\/umob.app\\\/wp-content\\\/uploads\\\/2025\\\/02\\\/Source_5.-Final-1.png\"},{\"@type\":\"BreadcrumbList\",\"@id\":\"https:\\\/\\\/umob.app\\\/about-umob\\\/#breadcrumb\",\"itemListElement\":[{\"@type\":\"ListItem\",\"position\":1,\"name\":\"Home\",\"item\":\"https:\\\/\\\/umob.app\\\/\"},{\"@type\":\"ListItem\",\"position\":2,\"name\":\"About umob\"}]},{\"@type\":\"WebSite\",\"@id\":\"https:\\\/\\\/umob.app\\\/#website\",\"url\":\"https:\\\/\\\/umob.app\\\/\",\"name\":\"umob\",\"description\":\"traveling around the city\",\"publisher\":{\"@id\":\"https:\\\/\\\/umob.app\\\/#organization\"},\"potentialAction\":[{\"@type\":\"SearchAction\",\"target\":{\"@type\":\"EntryPoint\",\"urlTemplate\":\"https:\\\/\\\/umob.app\\\/?s={search_term_string}\"},\"query-input\":{\"@type\":\"PropertyValueSpecification\",\"valueRequired\":true,\"valueName\":\"search_term_string\"}}],\"inLanguage\":\"fr-FR\"},{\"@type\":\"Organization\",\"@id\":\"https:\\\/\\\/umob.app\\\/#organization\",\"name\":\"umob\",\"url\":\"https:\\\/\\\/umob.app\\\/\",\"logo\":{\"@type\":\"ImageObject\",\"inLanguage\":\"fr-FR\",\"@id\":\"https:\\\/\\\/umob.app\\\/#\\\/schema\\\/logo\\\/image\\\/\",\"url\":\"https:\\\/\\\/umob.app\\\/wp-content\\\/uploads\\\/2024\\\/10\\\/Umob_logomark_color_RGB-kopie-3-1.svg\",\"contentUrl\":\"https:\\\/\\\/umob.app\\\/wp-content\\\/uploads\\\/2024\\\/10\\\/Umob_logomark_color_RGB-kopie-3-1.svg\",\"width\":141,\"height\":34,\"caption\":\"umob\"},\"image\":{\"@id\":\"https:\\\/\\\/umob.app\\\/#\\\/schema\\\/logo\\\/image\\\/\"}}]}<\/script>\n<!-- \/ Yoast SEO plugin. -->","yoast_head_json":{"title":"About umob - umob","robots":{"index":"index","follow":"follow","max-snippet":"max-snippet:-1","max-image-preview":"max-image-preview:large","max-video-preview":"max-video-preview:-1"},"canonical":"https:\/\/umob.app\/fr\/about-umob\/","og_locale":"fr_FR","og_type":"article","og_title":"About umob - umob","og_description":"We are UMOB The all-in-one mobility app to compare, book, and pay for all your transportation needs in one place. Explore every option with a single solution. We are looking for you. vacancy page The Start With Bibi and Raymon In Rotterdam, umob is revolutionizing urban mobility. Founded by Raymon Pouwels, former CEO of GO [&hellip;]","og_url":"https:\/\/umob.app\/fr\/about-umob\/","og_site_name":"umob","article_modified_time":"2025-10-29T08:42:34+00:00","og_image":[{"url":"https:\/\/umob.app\/wp-content\/uploads\/2025\/02\/Source_5.-Final-1.png","type":"","width":"","height":""}],"twitter_card":"summary_large_image","twitter_misc":{"Dur\u00e9e de lecture estim\u00e9e":"5 minutes"},"schema":{"@context":"https:\/\/schema.org","@graph":[{"@type":"WebPage","@id":"https:\/\/umob.app\/about-umob\/","url":"https:\/\/umob.app\/about-umob\/","name":"About umob - umob","isPartOf":{"@id":"https:\/\/umob.app\/#website"},"primaryImageOfPage":{"@id":"https:\/\/umob.app\/about-umob\/#primaryimage"},"image":{"@id":"https:\/\/umob.app\/about-umob\/#primaryimage"},"thumbnailUrl":"https:\/\/umob.app\/wp-content\/uploads\/2025\/02\/Source_5.-Final-1.png","datePublished":"2025-02-03T08:37:06+00:00","dateModified":"2025-10-29T08:42:34+00:00","breadcrumb":{"@id":"https:\/\/umob.app\/about-umob\/#breadcrumb"},"inLanguage":"fr-FR","potentialAction":[{"@type":"ReadAction","target":["https:\/\/umob.app\/about-umob\/"]}]},{"@type":"ImageObject","inLanguage":"fr-FR","@id":"https:\/\/umob.app\/about-umob\/#primaryimage","url":"https:\/\/umob.app\/wp-content\/uploads\/2025\/02\/Source_5.-Final-1.png","contentUrl":"https:\/\/umob.app\/wp-content\/uploads\/2025\/02\/Source_5.-Final-1.png"},{"@type":"BreadcrumbList","@id":"https:\/\/umob.app\/about-umob\/#breadcrumb","itemListElement":[{"@type":"ListItem","position":1,"name":"Home","item":"https:\/\/umob.app\/"},{"@type":"ListItem","position":2,"name":"About umob"}]},{"@type":"WebSite","@id":"https:\/\/umob.app\/#website","url":"https:\/\/umob.app\/","name":"L'UMOB","description":"traveling around the city","publisher":{"@id":"https:\/\/umob.app\/#organization"},"potentialAction":[{"@type":"SearchAction","target":{"@type":"EntryPoint","urlTemplate":"https:\/\/umob.app\/?s={search_term_string}"},"query-input":{"@type":"PropertyValueSpecification","valueRequired":true,"valueName":"search_term_string"}}],"inLanguage":"fr-FR"},{"@type":"Organization","@id":"https:\/\/umob.app\/#organization","name":"L'UMOB","url":"https:\/\/umob.app\/","logo":{"@type":"ImageObject","inLanguage":"fr-FR","@id":"https:\/\/umob.app\/#\/schema\/logo\/image\/","url":"https:\/\/umob.app\/wp-content\/uploads\/2024\/10\/Umob_logomark_color_RGB-kopie-3-1.svg","contentUrl":"https:\/\/umob.app\/wp-content\/uploads\/2024\/10\/Umob_logomark_color_RGB-kopie-3-1.svg","width":141,"height":34,"caption":"umob"},"image":{"@id":"https:\/\/umob.app\/#\/schema\/logo\/image\/"}}]}},"_links":{"self":[{"href":"https:\/\/umob.app\/fr\/wp-json\/wp\/v2\/pages\/3882","targetHints":{"allow":["GET"]}}],"collection":[{"href":"https:\/\/umob.app\/fr\/wp-json\/wp\/v2\/pages"}],"about":[{"href":"https:\/\/umob.app\/fr\/wp-json\/wp\/v2\/types\/page"}],"author":[{"embeddable":true,"href":"https:\/\/umob.app\/fr\/wp-json\/wp\/v2\/users\/1"}],"replies":[{"embeddable":true,"href":"https:\/\/umob.app\/fr\/wp-json\/wp\/v2\/comments?post=3882"}],"version-history":[{"count":8,"href":"https:\/\/umob.app\/fr\/wp-json\/wp\/v2\/pages\/3882\/revisions"}],"predecessor-version":[{"id":8917,"href":"https:\/\/umob.app\/fr\/wp-json\/wp\/v2\/pages\/3882\/revisions\/8917"}],"wp:attachment":[{"href":"https:\/\/umob.app\/fr\/wp-json\/wp\/v2\/media?parent=3882"}],"curies":[{"name":"wp","href":"https:\/\/api.w.org\/{rel}","templated":true}]}}